{"id":31735,"date":"2025-10-10T10:58:09","date_gmt":"2025-10-10T07:58:09","guid":{"rendered":"https:\/\/kirei.com.tr\/?page_id=31735"},"modified":"2025-10-12T19:50:09","modified_gmt":"2025-10-12T16:50:09","slug":"tensai","status":"publish","type":"page","link":"https:\/\/kirei.com.tr\/en\/tensai\/","title":{"rendered":"TENSAI"},"content":{"rendered":"<div data-elementor-type=\"wp-page\" data-elementor-id=\"31735\" class=\"elementor elementor-31735\" data-elementor-settings=\"{&quot;ha_cmc_init_switcher&quot;:&quot;no&quot;}\" data-elementor-post-type=\"page\">\n\t\t\t\t\t\t<section class=\"elementor-section elementor-top-section elementor-element elementor-element-2e334ab elementor-section-boxed elementor-section-height-default elementor-section-height-default sc_fly_static\" data-id=\"2e334ab\" data-element_type=\"section\" data-e-type=\"section\" data-settings=\"{&quot;_ha_eqh_enable&quot;:false}\">\n\t\t\t\t\t\t<div class=\"elementor-container elementor-column-gap-extended\">\n\t\t\t\t\t<div class=\"elementor-column elementor-col-100 elementor-top-column elementor-element elementor-element-60fd777 sc_content_align_inherit sc_layouts_column_icons_position_left sc_fly_static\" data-id=\"60fd777\" data-element_type=\"column\" data-e-type=\"column\">\n\t\t\t<div class=\"elementor-widget-wrap elementor-element-populated\">\n\t\t\t\t\t\t<section data-animation-type=\"block\" class=\"elementor-section elementor-inner-section elementor-element elementor-element-752d8b2 elementor-section-boxed elementor-section-height-default elementor-section-height-default animation_type_block sc_fly_static elementor-invisible\" data-id=\"752d8b2\" data-element_type=\"section\" data-e-type=\"section\" data-settings=\"{&quot;background_background&quot;:&quot;classic&quot;,&quot;animation&quot;:&quot;modernee-fadeinup&quot;,&quot;_ha_eqh_enable&quot;:false}\">\n\t\t\t\t\t\t<div class=\"elementor-container elementor-column-gap-no\">\n\t\t\t\t\t<div class=\"elementor-column elementor-col-100 elementor-inner-column elementor-element elementor-element-c7f7b3f sc_content_align_inherit sc_layouts_column_icons_position_left sc_fly_static\" data-id=\"c7f7b3f\" data-element_type=\"column\" data-e-type=\"column\">\n\t\t\t<div class=\"elementor-widget-wrap elementor-element-populated\">\n\t\t\t\t\t\t<div data-animation-type=\"block\" data-parallax-params=\"{&quot;parallax&quot;:0,&quot;flow&quot;:&quot;default&quot;,&quot;crop&quot;:&quot;none&quot;,&quot;ease&quot;:&quot;power2&quot;,&quot;duration&quot;:1,&quot;delay&quot;:0,&quot;squeeze&quot;:1,&quot;text&quot;:&quot;block&quot;,&quot;text_separate&quot;:0,&quot;text_wrap&quot;:0,&quot;mouse&quot;:1,&quot;mouse_type&quot;:&quot;transform3d&quot;,&quot;mouse_tilt_amount&quot;:70,&quot;mouse_speed&quot;:16,&quot;mouse_z&quot;:3,&quot;mouse_handler&quot;:&quot;window&quot;,&quot;range_start&quot;:0,&quot;range_end&quot;:40,&quot;sticky_offset&quot;:0,&quot;lag&quot;:0,&quot;x_start&quot;:0,&quot;x_start_unit&quot;:&quot;px&quot;,&quot;x_end&quot;:0,&quot;x_end_unit&quot;:&quot;px&quot;,&quot;y_start&quot;:0,&quot;y_start_unit&quot;:&quot;px&quot;,&quot;y_end&quot;:0,&quot;y_end_unit&quot;:&quot;px&quot;,&quot;scale_start&quot;:100,&quot;scale_end&quot;:100,&quot;rotate_start&quot;:0,&quot;rotate_end&quot;:0,&quot;opacity_start&quot;:1,&quot;opacity_end&quot;:1,&quot;crop_start&quot;:0,&quot;crop_end&quot;:100}\" class=\"elementor-element elementor-element-be92881 elementor-widget__width-initial elementor-absolute sc_parallax_mouse elementor-widget-mobile__width-initial animation_type_block ha-has-bg-overlay sc_fly_static sc_parallax_type_transform3d elementor-invisible elementor-widget elementor-widget-trx_sc_title\" data-id=\"be92881\" data-element_type=\"widget\" data-e-type=\"widget\" data-settings=\"{&quot;_position&quot;:&quot;absolute&quot;,&quot;_animation&quot;:&quot;modernee-fadein&quot;,&quot;_animation_delay&quot;:400}\" data-widget_type=\"trx_sc_title.default\">\n\t\t\t\t\t\t<div class=\"elementor-widget-container\">\n\t\t\t\t\t<div\t\tclass=\"sc_title sc_title_default\" ><h6 class=\"sc_item_title sc_title_title sc_item_title_style_default sc_item_title_tag trx_addons_inline_1135250874 sc_typed\"\n\t\t\t><span class=\"sc_item_title_text\"><span class=\"sc_typed_entry trx_addons_inline_641692067\" data-strings=\"[&quot;Merhaba! Ben TENSAI.&quot;,&quot;Pazarlama s\\u00fcre\\u00e7lerinizi h\\u0131zland\\u0131rmak i\\u00e7in geli\\u015ftirildim.&quot;]\" data-loop=\"1\" data-cursor=\"1\" data-cursor-char=\"_\" data-speed=\"4\" data-delay=\"3\">Merhaba! Ben TENSAI.<\/span><\/span><\/h6><\/div>\t\t\t\t<\/div>\n\t\t\t\t<\/div>\n\t\t\t\t<div class=\"elementor-element elementor-element-8980d7e sc_fly_static elementor-widget elementor-widget-spacer\" data-id=\"8980d7e\" data-element_type=\"widget\" data-e-type=\"widget\" data-widget_type=\"spacer.default\">\n\t\t\t\t\t\t<div class=\"elementor-widget-container\">\n\t\t\t\t\t\t\t<div class=\"elementor-spacer\">\n\t\t\t<div class=\"elementor-spacer-inner\"><\/div>\n\t\t<\/div>\n\t\t\t\t\t\t<\/div>\n\t\t\t\t<\/div>\n\t\t\t\t<div class=\"elementor-element elementor-element-e3e23b9 sc_fly_static elementor-widget elementor-widget-spacer\" data-id=\"e3e23b9\" data-element_type=\"widget\" data-e-type=\"widget\" data-widget_type=\"spacer.default\">\n\t\t\t\t\t\t<div class=\"elementor-widget-container\">\n\t\t\t\t\t\t\t<div class=\"elementor-spacer\">\n\t\t\t<div class=\"elementor-spacer-inner\"><\/div>\n\t\t<\/div>\n\t\t\t\t\t\t<\/div>\n\t\t\t\t<\/div>\n\t\t\t\t<div data-animation-type=\"block\" class=\"elementor-element elementor-element-9d021db elementor-icon-list--layout-inline elementor-widget__width-auto elementor-list-item-link-full_width animation_type_block ha-has-bg-overlay sc_fly_static elementor-invisible elementor-widget elementor-widget-icon-list\" data-id=\"9d021db\" data-element_type=\"widget\" data-e-type=\"widget\" data-settings=\"{&quot;_animation&quot;:&quot;qwery-fadein&quot;,&quot;_animation_delay&quot;:200}\" data-widget_type=\"icon-list.default\">\n\t\t\t\t\t\t<div class=\"elementor-widget-container\">\n\t\t\t\t\t\t\t<ul class=\"elementor-icon-list-items elementor-inline-items\">\n\t\t\t\t\t\t\t<li class=\"elementor-icon-list-item elementor-inline-item\">\n\t\t\t\t\t\t\t\t\t\t\t<span class=\"elementor-icon-list-icon\">\n\t\t\t\t\t\t\t<svg xmlns=\"http:\/\/www.w3.org\/2000\/svg\" width=\"13.195\" height=\"9.601\" viewbox=\"0 0 13.195 9.601\"><g id=\"check\" transform=\"translate(0 -55.188)\"><path d=\"M12.808,57.442,5.847,64.4a1.321,1.321,0,0,1-1.868,0L.386,60.809a1.321,1.321,0,0,1,1.867-1.868l2.66,2.66,6.027-6.027a1.321,1.321,0,0,1,1.868,1.868Z\" transform=\"translate(0 0)\"><\/path><\/g><\/svg>\t\t\t\t\t\t<\/span>\n\t\t\t\t\t\t\t\t\t\t<span class=\"elementor-icon-list-text\">\u0130\u015finizi \u00d6\u011frenir<\/span>\n\t\t\t\t\t\t\t\t\t<\/li>\n\t\t\t\t\t\t<\/ul>\n\t\t\t\t\t\t<\/div>\n\t\t\t\t<\/div>\n\t\t\t\t<div data-animation-type=\"block\" class=\"elementor-element elementor-element-6b727a2 elementor-icon-list--layout-inline elementor-widget__width-auto elementor-list-item-link-full_width animation_type_block ha-has-bg-overlay sc_fly_static elementor-invisible elementor-widget elementor-widget-icon-list\" data-id=\"6b727a2\" data-element_type=\"widget\" data-e-type=\"widget\" data-settings=\"{&quot;_animation&quot;:&quot;qwery-fadein&quot;,&quot;_animation_delay&quot;:300}\" data-widget_type=\"icon-list.default\">\n\t\t\t\t\t\t<div class=\"elementor-widget-container\">\n\t\t\t\t\t\t\t<ul class=\"elementor-icon-list-items elementor-inline-items\">\n\t\t\t\t\t\t\t<li class=\"elementor-icon-list-item elementor-inline-item\">\n\t\t\t\t\t\t\t\t\t\t\t<span class=\"elementor-icon-list-icon\">\n\t\t\t\t\t\t\t<svg xmlns=\"http:\/\/www.w3.org\/2000\/svg\" width=\"13.195\" height=\"9.601\" viewbox=\"0 0 13.195 9.601\"><g id=\"check\" transform=\"translate(0 -55.188)\"><path d=\"M12.808,57.442,5.847,64.4a1.321,1.321,0,0,1-1.868,0L.386,60.809a1.321,1.321,0,0,1,1.867-1.868l2.66,2.66,6.027-6.027a1.321,1.321,0,0,1,1.868,1.868Z\" transform=\"translate(0 0)\"><\/path><\/g><\/svg>\t\t\t\t\t\t<\/span>\n\t\t\t\t\t\t\t\t\t\t<span class=\"elementor-icon-list-text\">Sizi Tan\u0131r<\/span>\n\t\t\t\t\t\t\t\t\t<\/li>\n\t\t\t\t\t\t<\/ul>\n\t\t\t\t\t\t<\/div>\n\t\t\t\t<\/div>\n\t\t\t\t<div data-animation-type=\"block\" class=\"elementor-element elementor-element-45c4e96 elementor-icon-list--layout-inline elementor-widget__width-auto elementor-list-item-link-full_width animation_type_block ha-has-bg-overlay sc_fly_static elementor-invisible elementor-widget elementor-widget-icon-list\" data-id=\"45c4e96\" data-element_type=\"widget\" data-e-type=\"widget\" data-settings=\"{&quot;_animation&quot;:&quot;qwery-fadein&quot;,&quot;_animation_delay&quot;:400}\" data-widget_type=\"icon-list.default\">\n\t\t\t\t\t\t<div class=\"elementor-widget-container\">\n\t\t\t\t\t\t\t<ul class=\"elementor-icon-list-items elementor-inline-items\">\n\t\t\t\t\t\t\t<li class=\"elementor-icon-list-item elementor-inline-item\">\n\t\t\t\t\t\t\t\t\t\t\t<span class=\"elementor-icon-list-icon\">\n\t\t\t\t\t\t\t<svg xmlns=\"http:\/\/www.w3.org\/2000\/svg\" width=\"13.195\" height=\"9.601\" viewbox=\"0 0 13.195 9.601\"><g id=\"check\" transform=\"translate(0 -55.188)\"><path d=\"M12.808,57.442,5.847,64.4a1.321,1.321,0,0,1-1.868,0L.386,60.809a1.321,1.321,0,0,1,1.867-1.868l2.66,2.66,6.027-6.027a1.321,1.321,0,0,1,1.868,1.868Z\" transform=\"translate(0 0)\"><\/path><\/g><\/svg>\t\t\t\t\t\t<\/span>\n\t\t\t\t\t\t\t\t\t\t<span class=\"elementor-icon-list-text\">7\/24 Haz\u0131r<\/span>\n\t\t\t\t\t\t\t\t\t<\/li>\n\t\t\t\t\t\t<\/ul>\n\t\t\t\t\t\t<\/div>\n\t\t\t\t<\/div>\n\t\t\t\t<div class=\"elementor-element elementor-element-31b94e3 sc_fly_static elementor-widget elementor-widget-spacer\" data-id=\"31b94e3\" data-element_type=\"widget\" data-e-type=\"widget\" data-widget_type=\"spacer.default\">\n\t\t\t\t\t\t<div class=\"elementor-widget-container\">\n\t\t\t\t\t\t\t<div class=\"elementor-spacer\">\n\t\t\t<div class=\"elementor-spacer-inner\"><\/div>\n\t\t<\/div>\n\t\t\t\t\t\t<\/div>\n\t\t\t\t<\/div>\n\t\t\t\t\t<\/div>\n\t\t<\/div>\n\t\t\t\t\t<\/div>\n\t\t<\/section>\n\t\t\t\t\t<\/div>\n\t\t<\/div>\n\t\t\t\t\t<\/div>\n\t\t<\/section>\n\t\t\t\t<section class=\"elementor-section elementor-top-section elementor-element elementor-element-1fcc0fa elementor-section-boxed elementor-section-height-default elementor-section-height-default sc_fly_static\" data-id=\"1fcc0fa\" data-element_type=\"section\" data-e-type=\"section\" data-settings=\"{&quot;_ha_eqh_enable&quot;:false}\">\n\t\t\t\t\t\t<div class=\"elementor-container elementor-column-gap-extended\">\n\t\t\t\t\t<div class=\"elementor-column elementor-col-100 elementor-top-column elementor-element elementor-element-8f9b1f8 sc_content_align_inherit sc_layouts_column_icons_position_left sc_fly_static\" data-id=\"8f9b1f8\" data-element_type=\"column\" data-e-type=\"column\">\n\t\t\t<div class=\"elementor-widget-wrap elementor-element-populated\">\n\t\t\t\t\t\t<div class=\"elementor-element elementor-element-22e3865 sc_fly_static elementor-widget elementor-widget-text-editor\" data-id=\"22e3865\" data-element_type=\"widget\" data-e-type=\"widget\" data-widget_type=\"text-editor.default\">\n\t\t\t\t\t\t<div class=\"elementor-widget-container\">\n\t\t\t\t\t\t\t\t\t<div class='mwai-chatbot-container' data-params='{&quot;aiName&quot;:&quot;TENSAI:&quot;,&quot;userName&quot;:&quot;Siz:&quot;,&quot;guestName&quot;:&quot;Siz:&quot;,&quot;aiAvatar&quot;:false,&quot;userAvatar&quot;:false,&quot;textSend&quot;:&quot;G\\u00f6nder&quot;,&quot;textClear&quot;:&quot;Temizle&quot;,&quot;imageUpload&quot;:false,&quot;multiUpload&quot;:false,&quot;mode&quot;:&quot;chat&quot;,&quot;textInputPlaceholder&quot;:&quot;Mesaj\\u0131n\\u0131z...&quot;,&quot;textInputMaxLength&quot;:512,&quot;textCompliance&quot;:&quot;&quot;,&quot;startSentence&quot;:&quot;Merhaba! Markan\\u0131z\\u0131n gelece\\u011fini birlikte \\u015fekillendirelim.&quot;,&quot;localMemory&quot;:true,&quot;themeId&quot;:&quot;chatgpt&quot;,&quot;window&quot;:false,&quot;icon&quot;:&quot;&quot;,&quot;iconText&quot;:&quot;&quot;,&quot;iconTextDelay&quot;:1,&quot;iconAlt&quot;:&quot;AI Engine Chatbot&quot;,&quot;iconPosition&quot;:&quot;bottom-right&quot;,&quot;centerOpen&quot;:false,&quot;width&quot;:&quot;&quot;,&quot;openDelay&quot;:&quot;&quot;,&quot;iconBubble&quot;:false,&quot;windowAnimation&quot;:&quot;zoom&quot;,&quot;fullscreen&quot;:false,&quot;copyButton&quot;:false,&quot;headerSubtitle&quot;:&quot;Discuss with&quot;,&quot;containerType&quot;:&quot;standard&quot;,&quot;headerType&quot;:&quot;standard&quot;,&quot;messagesType&quot;:&quot;standard&quot;,&quot;inputType&quot;:&quot;standard&quot;,&quot;footerType&quot;:&quot;standard&quot;}' data-system='{&quot;botId&quot;:&quot;default&quot;,&quot;customId&quot;:null,&quot;userData&quot;:null,&quot;sessionId&quot;:&quot;69f22ac67000d&quot;,&quot;restNonce&quot;:null,&quot;contextId&quot;:31735,&quot;pluginUrl&quot;:&quot;https:\\\/\\\/kirei.com.tr\\\/wp-content\\\/plugins\\\/ai-engine-pro\\\/&quot;,&quot;restUrl&quot;:&quot;https:\\\/\\\/kirei.com.tr\\\/en\\\/wp-json&quot;,&quot;stream&quot;:false,&quot;debugMode&quot;:false,&quot;eventLogs&quot;:false,&quot;speech_recognition&quot;:false,&quot;speech_synthesis&quot;:false,&quot;typewriter&quot;:false,&quot;crossSite&quot;:false,&quot;actions&quot;:[],&quot;blocks&quot;:[],&quot;shortcuts&quot;:[]}' data-theme='{&quot;type&quot;:&quot;internal&quot;,&quot;name&quot;:&quot;ChatGPT&quot;,&quot;themeId&quot;:&quot;chatgpt&quot;,&quot;settings&quot;:{&quot;borderColor&quot;:&quot;#4f4f4f&quot;,&quot;backgroundPrimaryColor&quot;:&quot;#222&quot;,&quot;backgroundSecondaryColor&quot;:&quot;#09151B&quot;},&quot;style&quot;:&quot;&quot;}'><\/div>\t\t\t\t\t\t\t\t<\/div>\n\t\t\t\t<\/div>\n\t\t\t\t\t<\/div>\n\t\t<\/div>\n\t\t\t\t\t<\/div>\n\t\t<\/section>\n\t\t\t\t<\/div>","protected":false},"excerpt":{"rendered":"<p>Merhaba! Ben TENSAI. \u0130\u015finizi \u00d6\u011frenir Sizi Tan\u0131r 7\/24 Haz\u0131r<\/p>","protected":false},"author":1,"featured_media":0,"parent":0,"menu_order":0,"comment_status":"closed","ping_status":"closed","template":"","meta":{"inline_featured_image":false,"_monsterinsights_skip_tracking":false,"_monsterinsights_sitenote_active":false,"_monsterinsights_sitenote_note":"","_monsterinsights_sitenote_category":0,"footnotes":""},"class_list":["post-31735","page","type-page","status-publish","hentry"],"_links":{"self":[{"href":"https:\/\/kirei.com.tr\/en\/wp-json\/wp\/v2\/pages\/31735","targetHints":{"allow":["GET"]}}],"collection":[{"href":"https:\/\/kirei.com.tr\/en\/wp-json\/wp\/v2\/pages"}],"about":[{"href":"https:\/\/kirei.com.tr\/en\/wp-json\/wp\/v2\/types\/page"}],"author":[{"embeddable":true,"href":"https:\/\/kirei.com.tr\/en\/wp-json\/wp\/v2\/users\/1"}],"replies":[{"embeddable":true,"href":"https:\/\/kirei.com.tr\/en\/wp-json\/wp\/v2\/comments?post=31735"}],"version-history":[{"count":32,"href":"https:\/\/kirei.com.tr\/en\/wp-json\/wp\/v2\/pages\/31735\/revisions"}],"predecessor-version":[{"id":31789,"href":"https:\/\/kirei.com.tr\/en\/wp-json\/wp\/v2\/pages\/31735\/revisions\/31789"}],"wp:attachment":[{"href":"https:\/\/kirei.com.tr\/en\/wp-json\/wp\/v2\/media?parent=31735"}],"curies":[{"name":"wp","href":"https:\/\/api.w.org\/{rel}","templated":true}]}}